{"id":500,"date":"2026-03-31T16:26:21","date_gmt":"2026-03-31T16:26:21","guid":{"rendered":""},"modified":"2026-03-31T16:26:21","modified_gmt":"2026-03-31T16:26:21","slug":"declaracion-de-accesibilidad-ca","status":"publish","type":"page","link":"https:\/\/giteb.com\/ca\/declaracion-de-accesibilidad-ca\/","title":{"rendered":"Declaraci\u00f3 d&#8217;accessibilitat"},"content":{"rendered":"\n<p>Gesti\u00f3 T\u00e8cnica d&#8217;Edificaci\u00f3 i Rehabilitaci\u00f3, S.L. (GITEB) es compromet a garantir l&#8217;accessibilitat del seu lloc web amb l&#8217;objectiu que totes les persones, independentment de les seves capacitats, puguin accedir als continguts i serveis oferts, seguint les recomanacions de les Pautes d&#8217;Accessibilitat per al Contingut Web (WCAG) 2.1.<\/p>\n\n\n\n<p>La present declaraci\u00f3 d&#8217;accessibilitat s&#8217;aplica al lloc web <a href=\"http:\/\/www.giteb.com\">www.giteb.com<\/a>.<\/p>\n\n\n\n<p><strong>Situaci\u00f3 de compliment<\/strong><\/p>\n\n\n\n<p>Aquest lloc web \u00e9s parcialment compatible amb el nivell AA de les Pautes d&#8217;Accessibilitat per al Contingut Web (WCAG) 2.1, a causa de les excepcions i la manca de conformitat d&#8217;alguns aspectes que s&#8217;indiquen a continuaci\u00f3.<\/p>\n\n\n\n<p><strong>Contingut no accessible<\/strong><\/p>\n\n\n\n<p>El contingut que es recull tot seguit no \u00e9s plenament accessible pels motius seg\u00fcents:<\/p>\n\n\n\n<ul class=\"wp-block-list\">\n<li>Algunes imatges poden no tenir un text alternatiu adequat.<\/li>\n\n\n\n<li>Certs documents en format PDF poden no estar completament adaptats per a la seva lectura mitjan\u00e7ant tecnologies d&#8217;assist\u00e8ncia.<\/li>\n\n\n\n<li>Alguns contrastos de color poden no assolir el nivell \u00f2ptim requerit.<\/li>\n<\/ul>\n\n\n\n<p>GITEB est\u00e0 treballant per esmenar aquestes defici\u00e8ncies i millorar progressivament l&#8217;accessibilitat del seu lloc web.<\/p>\n\n\n\n<p><strong>Preparaci\u00f3 d&#8217;aquesta declaraci\u00f3 d&#8217;accessibilitat<\/strong><\/p>\n\n\n\n<p>Aquesta declaraci\u00f3 va ser preparada el 24 de novembre del 2025.<\/p>\n\n\n\n<p>El m\u00e8tode emprat per a preparar la declaraci\u00f3 ha estat una autoavaluaci\u00f3 duta a terme per la pr\u00f2pia organitzaci\u00f3.<\/p>\n\n\n\n<p><strong>Observacions i dades de contacte<\/strong><\/p>\n\n\n\n<p>Pot realitzar comunicacions sobre requisits d&#8217;accessibilitat, com per exemple:<\/p>\n\n\n\n<ul class=\"wp-block-list\">\n<li>Informar sobre qualsevol possible incompliment per part d&#8217;aquest lloc web.<\/li>\n\n\n\n<li>Transmetre dificultats d&#8217;acc\u00e9s al contingut.<\/li>\n\n\n\n<li>Formular qualsevol altra consulta o suggeriment de millora relativa a l&#8217;accessibilitat del lloc web.<\/li>\n<\/ul>\n\n\n\n<p>A trav\u00e9s dels seg\u00fcents mitjans:<\/p>\n\n\n\n<ul class=\"wp-block-list\">\n<li>Correu postal: Carrer Pau Alsina 36, local 5, 08025 Barcelona<\/li>\n\n\n\n<li>Correu electr\u00f2nic: <a href=\"mailto:giteb@giteb.com\">giteb@giteb.com<\/a><\/li>\n<\/ul>\n\n\n\n<p>Les comunicacions seran ateses en el menor termini possible i, com a m\u00e0xim, en el termini d&#8217;un mes.<\/p>\n","protected":false},"excerpt":{"rendered":"<p>Gesti\u00f3 T\u00e8cnica d&#8217;Edificaci\u00f3 i Rehabilitaci\u00f3, S.L. (GITEB) es compromet a garantir l&#8217;accessibilitat del seu lloc web amb l&#8217;objectiu que totes [&hellip;]<\/p>\n","protected":false},"author":1,"featured_media":0,"parent":0,"menu_order":0,"comment_status":"closed","ping_status":"closed","template":"","meta":{"_uag_custom_page_level_css":"","site-sidebar-layout":"default","site-content-layout":"","ast-site-content-layout":"default","site-content-style":"default","site-sidebar-style":"default","ast-global-header-display":"","ast-banner-title-visibility":"","ast-main-header-display":"","ast-hfb-above-header-display":"","ast-hfb-below-header-display":"","ast-hfb-mobile-header-display":"","site-post-title":"","ast-breadcrumbs-content":"","ast-featured-img":"","footer-sml-layout":"","theme-transparent-header-meta":"","adv-header-id-meta":"","stick-header-meta":"","header-above-stick-meta":"","header-main-stick-meta":"","header-below-stick-meta":"","astra-migrate-meta-layouts":"default","ast-page-background-enabled":"default","ast-page-background-meta":{"desktop":{"background-color":"var(--ast-global-color-5)","background-image":"","background-repeat":"repeat","background-position":"center center","background-size":"auto","background-attachment":"scroll","background-type":"","background-media":"","overlay-type":"","overlay-color":"","overlay-opacity":"","overlay-gradient":""},"tablet":{"background-color":"","background-image":"","background-repeat":"repeat","background-position":"center center","background-size":"auto","background-attachment":"scroll","background-type":"","background-media":"","overlay-type":"","overlay-color":"","overlay-opacity":"","overlay-gradient":""},"mobile":{"background-color":"","background-image":"","background-repeat":"repeat","background-position":"center center","background-size":"auto","background-attachment":"scroll","background-type":"","background-media":"","overlay-type":"","overlay-color":"","overlay-opacity":"","overlay-gradient":""}},"ast-content-background-meta":{"desktop":{"background-color":"var(--ast-global-color-4)","background-image":"","background-repeat":"repeat","background-position":"center center","background-size":"auto","background-attachment":"scroll","background-type":"","background-media":"","overlay-type":"","overlay-color":"","overlay-opacity":"","overlay-gradient":""},"tablet":{"background-color":"var(--ast-global-color-4)","background-image":"","background-repeat":"repeat","background-position":"center center","background-size":"auto","background-attachment":"scroll","background-type":"","background-media":"","overlay-type":"","overlay-color":"","overlay-opacity":"","overlay-gradient":""},"mobile":{"background-color":"var(--ast-global-color-4)","background-image":"","background-repeat":"repeat","background-position":"center center","background-size":"auto","background-attachment":"scroll","background-type":"","background-media":"","overlay-type":"","overlay-color":"","overlay-opacity":"","overlay-gradient":""}},"footnotes":""},"class_list":["post-500","page","type-page","status-publish","hentry"],"uagb_featured_image_src":{"full":false,"thumbnail":false,"medium":false,"medium_large":false,"large":false,"1536x1536":false,"2048x2048":false},"uagb_author_info":{"display_name":"david@kreamedia.com","author_link":"https:\/\/giteb.com\/ca\/author\/davidkreamedia-com\/"},"uagb_comment_info":0,"uagb_excerpt":"Gesti\u00f3 T\u00e8cnica d&#8217;Edificaci\u00f3 i Rehabilitaci\u00f3, S.L. (GITEB) es compromet a garantir l&#8217;accessibilitat del seu lloc web amb l&#8217;objectiu que totes [&hellip;]","_links":{"self":[{"href":"https:\/\/giteb.com\/ca\/wp-json\/wp\/v2\/pages\/500","targetHints":{"allow":["GET"]}}],"collection":[{"href":"https:\/\/giteb.com\/ca\/wp-json\/wp\/v2\/pages"}],"about":[{"href":"https:\/\/giteb.com\/ca\/wp-json\/wp\/v2\/types\/page"}],"author":[{"embeddable":true,"href":"https:\/\/giteb.com\/ca\/wp-json\/wp\/v2\/users\/1"}],"replies":[{"embeddable":true,"href":"https:\/\/giteb.com\/ca\/wp-json\/wp\/v2\/comments?post=500"}],"version-history":[{"count":0,"href":"https:\/\/giteb.com\/ca\/wp-json\/wp\/v2\/pages\/500\/revisions"}],"wp:attachment":[{"href":"https:\/\/giteb.com\/ca\/wp-json\/wp\/v2\/media?parent=500"}],"curies":[{"name":"wp","href":"https:\/\/api.w.org\/{rel}","templated":true}]}}