{"id":498,"date":"2026-03-31T16:26:21","date_gmt":"2026-03-31T16:26:21","guid":{"rendered":""},"modified":"2026-03-31T16:26:21","modified_gmt":"2026-03-31T16:26:21","slug":"nota-legal-ca","status":"publish","type":"page","link":"https:\/\/giteb.com\/ca\/nota-legal-ca\/","title":{"rendered":"Nota legal"},"content":{"rendered":"\n<p>La utilitzaci\u00f3 d&#8217;aquesta p\u00e0gina web est\u00e0 subjecta a les seg\u00fcents condicions d&#8217;\u00fas. El fet d&#8217;accedir a aquesta p\u00e0gina web i utilitzar els materials continguts en ella implica que l&#8217;usuari ha llegit i accepta, sense reserva alguna, aquestes condicions generals. Aquestes condicions generals regulen l&#8217;\u00fas de les p\u00e0gines web <a href=\"http:\/\/www.giteb.es\">www.giteb.es<\/a> i <a href=\"http:\/\/www.giteb.com\">www.giteb.com<\/a> (d&#8217;ara endavant denominats &#8220;p\u00e0gina web&#8221;) i els seus serveis, que Gesti\u00f3 T\u00e8cnica d&#8217;Edificaci\u00f3 i Rehabilitaci\u00f3, S.L. (d&#8217;ara endavant denominada &#8220;GITEB&#8221;) posa a la disposici\u00f3 dels usuaris d&#8217;Internet.<\/p>\n\n\n\n<p><strong>1 Acc\u00e9s, contingut, \u00fas i funcionament del web<\/strong><\/p>\n\n\n\n<p>L&#8217;usuari pot accedir lliurement i gratu\u00eftament a aquesta p\u00e0gina web, excepte pel que fa al cost de la connexi\u00f3 a trav\u00e9s de la xarxa de telecomunicacions subministrada pel prove\u00efdor d&#8217;acc\u00e9s a Internet (ISP) contractat pel seu compte.<\/p>\n\n\n\n<p>GITEB no garanteix la disponibilitat i continu\u00eftat del funcionament de la p\u00e0gina web, dels seus serveis ni dels seus continguts; en conseq\u00fc\u00e8ncia, GITEB no \u00e9s responsable dels danys o perjudicis que puguin produir-se per falta de funcionament temporal o definitiva d&#8217;aquesta p\u00e0gina web.<\/p>\n\n\n\n<p>Tota la informaci\u00f3 i documentaci\u00f3 gr\u00e0fica inclosa en aquesta Web \u00e9s merament orientativa.<\/p>\n\n\n\n<p>L&#8217;usuari es compromet a fer bon \u00fas d&#8217;aquesta p\u00e0gina web, entenent-se per bon \u00fas el que sigui conforme amb la legislaci\u00f3 vigent i la bona fe.<\/p>\n\n\n\n<p>Queda totalment prohibit l&#8217;establiment per part de tercers d&#8217;enlla\u00e7os amb aquesta p\u00e0gina web sense l&#8217;autoritzaci\u00f3 pr\u00e8via i expressa de GITEB, cosa que no suposar\u00e0 l&#8217;exist\u00e8ncia de cap relaci\u00f3 contractual.<\/p>\n\n\n\n<p>Qui utilitzi aquesta p\u00e0gina web ho fa pel seu compte i risc. GITEB, els seus socis, col\u00b7laboradors, treballadors i representants no es responsabilitzaran dels errors o omissions que puguin tenir els continguts d&#8217;aquesta p\u00e0gina web ni dels danys que puguin ocasionar-se.<\/p>\n\n\n\n<p>GITEB no garanteix l&#8217;abs\u00e8ncia de virus o altres elements lesius que puguin causar danys o alteracions en el sistema inform\u00e0tic, els documents electr\u00f2nics o els fitxers d&#8217;usuari d&#8217;aquesta p\u00e0gina web. En conseq\u00fc\u00e8ncia, GITEB no respon dels danys i perjudicis que aquests elements puguin ocasionar.<\/p>\n\n\n\n<p><strong>2. Propietat intel\u00b7lectual i industrial<\/strong><\/p>\n\n\n\n<p>Tots els continguts, aix\u00ed com noms, marques i bases de dades accessibles en la p\u00e0gina web, estan subjectes a drets de propietat industrial i intel\u00b7lectual de GITEB o de tercers titulars dels mateixos. En cap cas l&#8217;acc\u00e9s a la p\u00e0gina web implica ren\u00fancia o transmissi\u00f3 total o parcial d&#8217;aquests drets, ni atorga dret algun d&#8217;utilitzaci\u00f3, alteraci\u00f3, explotaci\u00f3, reproducci\u00f3, distribuci\u00f3 o comunicaci\u00f3 p\u00fablica sobre els continguts, quedant expressament prohibit l&#8217;exercici de tals drets de propietat industrial i intel\u00b7lectual, excepte pr\u00e8via i expressa autoritzaci\u00f3 o llic\u00e8ncia atorgada a aquest efecte per GITEB o pel tercer titular dels drets.<\/p>\n\n\n\n<p><strong>3 Informaci\u00f3 general<\/strong><\/p>\n\n\n\n<p>D&#8217;acord amb el que estableix l&#8217;article 10 de la Llei 34\/2002, d&#8217;11 de juliol, de serveis de la societat de la informaci\u00f3 i de comer\u00e7 electr\u00f2nic, informem als usuaris d&#8217;aquesta p\u00e0gina web que aquesta \u00e9s propietat de Gesti\u00f3 T\u00e8cnica d&#8217;Edificaci\u00f3 i Rehabilitaci\u00f3, SL, amb domicili al carrer Secretari Coloma 36, local 5, 08025 Barcelona, i amb NIF B66076639.<\/p>\n\n\n\n<p><strong>4. Legislaci\u00f3 aplicable<\/strong><\/p>\n\n\n\n<p>Aquestes condicions generals es regeixen per la legislaci\u00f3 espanyola.<\/p>\n","protected":false},"excerpt":{"rendered":"<p>La utilitzaci\u00f3 d&#8217;aquesta p\u00e0gina web est\u00e0 subjecta a les seg\u00fcents condicions d&#8217;\u00fas. El fet d&#8217;accedir a aquesta p\u00e0gina web i [&hellip;]<\/p>\n","protected":false},"author":1,"featured_media":0,"parent":0,"menu_order":0,"comment_status":"closed","ping_status":"closed","template":"","meta":{"_uag_custom_page_level_css":"","site-sidebar-layout":"default","site-content-layout":"","ast-site-content-layout":"default","site-content-style":"default","site-sidebar-style":"default","ast-global-header-display":"","ast-banner-title-visibility":"","ast-main-header-display":"","ast-hfb-above-header-display":"","ast-hfb-below-header-display":"","ast-hfb-mobile-header-display":"","site-post-title":"","ast-breadcrumbs-content":"","ast-featured-img":"","footer-sml-layout":"","theme-transparent-header-meta":"","adv-header-id-meta":"","stick-header-meta":"","header-above-stick-meta":"","header-main-stick-meta":"","header-below-stick-meta":"","astra-migrate-meta-layouts":"default","ast-page-background-enabled":"default","ast-page-background-meta":{"desktop":{"background-color":"var(--ast-global-color-5)","background-image":"","background-repeat":"repeat","background-position":"center center","background-size":"auto","background-attachment":"scroll","background-type":"","background-media":"","overlay-type":"","overlay-color":"","overlay-opacity":"","overlay-gradient":""},"tablet":{"background-color":"","background-image":"","background-repeat":"repeat","background-position":"center center","background-size":"auto","background-attachment":"scroll","background-type":"","background-media":"","overlay-type":"","overlay-color":"","overlay-opacity":"","overlay-gradient":""},"mobile":{"background-color":"","background-image":"","background-repeat":"repeat","background-position":"center center","background-size":"auto","background-attachment":"scroll","background-type":"","background-media":"","overlay-type":"","overlay-color":"","overlay-opacity":"","overlay-gradient":""}},"ast-content-background-meta":{"desktop":{"background-color":"var(--ast-global-color-4)","background-image":"","background-repeat":"repeat","background-position":"center center","background-size":"auto","background-attachment":"scroll","background-type":"","background-media":"","overlay-type":"","overlay-color":"","overlay-opacity":"","overlay-gradient":""},"tablet":{"background-color":"var(--ast-global-color-4)","background-image":"","background-repeat":"repeat","background-position":"center center","background-size":"auto","background-attachment":"scroll","background-type":"","background-media":"","overlay-type":"","overlay-color":"","overlay-opacity":"","overlay-gradient":""},"mobile":{"background-color":"var(--ast-global-color-4)","background-image":"","background-repeat":"repeat","background-position":"center center","background-size":"auto","background-attachment":"scroll","background-type":"","background-media":"","overlay-type":"","overlay-color":"","overlay-opacity":"","overlay-gradient":""}},"footnotes":""},"class_list":["post-498","page","type-page","status-publish","hentry"],"uagb_featured_image_src":{"full":false,"thumbnail":false,"medium":false,"medium_large":false,"large":false,"1536x1536":false,"2048x2048":false},"uagb_author_info":{"display_name":"david@kreamedia.com","author_link":"https:\/\/giteb.com\/ca\/author\/davidkreamedia-com\/"},"uagb_comment_info":0,"uagb_excerpt":"La utilitzaci\u00f3 d&#8217;aquesta p\u00e0gina web est\u00e0 subjecta a les seg\u00fcents condicions d&#8217;\u00fas. El fet d&#8217;accedir a aquesta p\u00e0gina web i [&hellip;]","_links":{"self":[{"href":"https:\/\/giteb.com\/ca\/wp-json\/wp\/v2\/pages\/498","targetHints":{"allow":["GET"]}}],"collection":[{"href":"https:\/\/giteb.com\/ca\/wp-json\/wp\/v2\/pages"}],"about":[{"href":"https:\/\/giteb.com\/ca\/wp-json\/wp\/v2\/types\/page"}],"author":[{"embeddable":true,"href":"https:\/\/giteb.com\/ca\/wp-json\/wp\/v2\/users\/1"}],"replies":[{"embeddable":true,"href":"https:\/\/giteb.com\/ca\/wp-json\/wp\/v2\/comments?post=498"}],"version-history":[{"count":0,"href":"https:\/\/giteb.com\/ca\/wp-json\/wp\/v2\/pages\/498\/revisions"}],"wp:attachment":[{"href":"https:\/\/giteb.com\/ca\/wp-json\/wp\/v2\/media?parent=498"}],"curies":[{"name":"wp","href":"https:\/\/api.w.org\/{rel}","templated":true}]}}