{"id":494,"date":"2026-03-31T16:26:21","date_gmt":"2026-03-31T16:26:21","guid":{"rendered":""},"modified":"2026-03-31T16:26:21","modified_gmt":"2026-03-31T16:26:21","slug":"quienes-somos-ca","status":"publish","type":"page","link":"https:\/\/giteb.com\/ca\/quienes-somos-ca\/","title":{"rendered":"Nosaltres"},"content":{"rendered":"\n<div class=\"wp-block-uagb-advanced-heading uagb-block-353fccba\"><h2 class=\"uagb-heading-text\">Qui som<\/h2><p class=\"uagb-desc-text\">Som un equip de professionals que portem 25 anys treballant junts a la gesti\u00f3 t\u00e8cnica de projectes d&#8217;edificaci\u00f3 a Barcelona, amb una gran experi\u00e8ncia al sector que ens avala.<\/p><\/div>\n\n\n\n<div style=\"height:30px\" aria-hidden=\"true\" class=\"wp-block-spacer\"><\/div>\n\n\n\n<div class=\"wp-block-uagb-container uagb-block-8af4233b alignwide uagb-is-root-container\"><\/div>\n\n\n\n<div style=\"height:50px\" aria-hidden=\"true\" class=\"wp-block-spacer\"><\/div>\n\n\n\n<div class=\"wp-block-uagb-advanced-heading uagb-block-173e3d09\"><h3 class=\"uagb-heading-text\">Serveis de reforma<\/h3><p class=\"uagb-desc-text\">Transformem habitatges d&#8217;alt standing a Barcelona amb reformes integrals i actuacions espec\u00edfiques. Especialistes en edificis de la zona alta i l&#8217;Eixample, arquitectura modernista i propietats singulars. Coordinaci\u00f3 completa d&#8217;industrials i garantia de compliment de terminis.<\/p><\/div>\n\n\n\n<div style=\"height:50px\" aria-hidden=\"true\" class=\"wp-block-spacer\"><\/div>\n\n\n\n<div class=\"wp-block-uagb-container uagb-block-4034b770 alignfull uagb-is-root-container\"><div class=\"uagb-container-inner-blocks-wrap\">\n<div class=\"wp-block-uagb-container uagb-block-d48a152b\">\n<h3 class=\"wp-block-heading\">La nostra experi\u00e8ncia<\/h3>\n\n\n\n<p>La nostra traject\u00f2ria professional compr\u00e8n tant obra nova com rehabilitaci\u00f3. Gestionem projectes complets: redacci\u00f3 t\u00e8cnica, contractaci\u00f3 d&#8217;industrials, direcci\u00f3 d&#8217;obra i lliurament final.<\/p>\n\n\n\n<p>El coneixement adquirit durant aquests anys sobre projectes, sistemes constructius i processos d&#8217;obra ens permet oferir un servei integral a comunitats de propietaris, administradors de finques i particulars.<\/p>\n\n\n\n<p>L&#8217;experi\u00e8ncia i professionalitat del nostre equip, juntament amb la col\u00b7laboraci\u00f3 de t\u00e8cnics i empreses especialitzades ens permet formar un equip multidisciplinari capa\u00e7 de donar resposta a qualsevol tipus d&#8217;intervenci\u00f3.<\/p>\n\n\n\n<h3 class=\"wp-block-heading\">Filosofia<\/h3>\n\n\n\n<p>La professionalitat i el rigor del nostre treball es reflecteix en la satisfacci\u00f3 dels nostres clients a l&#8217;hora del lliurament. No pretenem fer moltes obres, busquem fer b\u00e9 cada obra.<\/p>\n\n\n\n<p>Treballem de manera transparent, directa i honesta. Si alguna cosa no es pot fer, t&#8217;ho diem. Si hi ha un problema, t&#8217;ho comuniquem i et proposem solucions. Sense sorpreses, sense excuses.<\/p>\n<\/div>\n\n\n\n<div class=\"wp-block-uagb-container uagb-block-7fb23700\">\n<div class=\"wp-block-uagb-image uagb-block-b0311cdb wp-block-uagb-image--layout-default wp-block-uagb-image--effect-static wp-block-uagb-image--align-none\"><figure class=\"wp-block-uagb-image__figure\"><img decoding=\"async\" srcset=\"https:\/\/giteb.com\/wp-content\/uploads\/2025\/10\/gran_via_729_11-683x1024.jpg ,https:\/\/giteb.com\/wp-content\/uploads\/2025\/10\/gran_via_729_11.jpg 780w, https:\/\/giteb.com\/wp-content\/uploads\/2025\/10\/gran_via_729_11.jpg 360w\" sizes=\"auto, (max-width: 480px) 150px\" src=\"https:\/\/giteb.com\/wp-content\/uploads\/2025\/10\/gran_via_729_11-683x1024.jpg\" alt=\"\" class=\"uag-image-75\" width=\"683\" height=\"1024\" title=\"gran_via_729_11\" loading=\"lazy\" role=\"img\"\/><\/figure><\/div>\n<\/div>\n<\/div><\/div>\n\n\n\n<div class=\"wp-block-uagb-advanced-heading uagb-block-c433e2db\"><h3 class=\"uagb-heading-text\">El nostre m\u00e8tode de treball<\/h3><\/div>\n\n\n\n<div class=\"wp-block-uagb-container uagb-block-e1d9fda2 alignfull uagb-is-root-container\"><div class=\"uagb-container-inner-blocks-wrap\">\n<div class=\"wp-block-uagb-container uagb-block-a25f0e78\">\n<div class=\"wp-block-uagb-info-box uagb-block-7621ac4b uagb-infobox__content-wrap  uagb-infobox-icon-left-title uagb-infobox-left uagb-infobox-image-valign-middle\"><div class=\"uagb-ifb-content\"><div class=\"uagb-ifb-left-title-image\"><div class=\"uagb-ifb-title-wrap\"><h4 class=\"uagb-ifb-title\">01 An\u00e0lisi i projecte<\/h4><\/div><\/div><p class=\"uagb-ifb-desc\">Estudiem les teves necessitats, analitzem la viabilitat t\u00e8cnica i redactem el projecte complet: pl\u00e0nols, mem\u00f2ries, amidaments i pressupost desglossat.<\/p><\/div><\/div>\n<\/div>\n\n\n\n<div class=\"wp-block-uagb-container uagb-block-2950b632\">\n<div class=\"wp-block-uagb-info-box uagb-block-657b5640 uagb-infobox__content-wrap  uagb-infobox-icon-left-title uagb-infobox-left uagb-infobox-image-valign-middle\"><div class=\"uagb-ifb-content\"><div class=\"uagb-ifb-left-title-image\"><div class=\"uagb-ifb-title-wrap\"><h4 class=\"uagb-ifb-title\">02 Tramitaci\u00f3<\/h4><\/div><\/div><p class=\"uagb-ifb-desc\">Gestionem totes les llic\u00e8ncies i els permisos necessaris davant l&#8217;Ajuntament. Et mantenim informat de l&#8217;estat de cada tr\u00e0mit.<\/p><\/div><\/div>\n<\/div>\n\n\n\n<div class=\"wp-block-uagb-container uagb-block-7e874c37\">\n<div class=\"wp-block-uagb-info-box uagb-block-a740e7d8 uagb-infobox__content-wrap  uagb-infobox-icon-left-title uagb-infobox-left uagb-infobox-image-valign-middle\"><div class=\"uagb-ifb-content\"><div class=\"uagb-ifb-left-title-image\"><div class=\"uagb-ifb-title-wrap\"><h4 class=\"uagb-ifb-title\">03 Tramitaci\u00f3<\/h4><\/div><\/div><p class=\"uagb-ifb-desc\">Coordinem tots els industrials, supervisem els treballs di\u00e0riament i controlem la qualitat dels materials i els acabats. Tu nom\u00e9s has d&#8217;esperar.<\/p><\/div><\/div>\n<\/div>\n\n\n\n<div class=\"wp-block-uagb-container uagb-block-deab7f0c\">\n<div class=\"wp-block-uagb-info-box uagb-block-3d7c16b2 uagb-infobox__content-wrap  uagb-infobox-icon-left-title uagb-infobox-left uagb-infobox-image-valign-middle\"><div class=\"uagb-ifb-content\"><div class=\"uagb-ifb-left-title-image\"><div class=\"uagb-ifb-title-wrap\"><h4 class=\"uagb-ifb-title\">04 Lliurament<\/h4><\/div><\/div><p class=\"uagb-ifb-desc\">Revisi\u00f3 final exhaustiva abans de lliurar les claus. Certificats d&#8217;obra, documentaci\u00f3 de garanties i assessorament postlliurament.<\/p><\/div><\/div>\n<\/div>\n<\/div><\/div>\n\n\n\n<div class=\"wp-block-uagb-container uagb-block-b2f5ec48 alignfull uagb-is-root-container\"><div class=\"uagb-container-inner-blocks-wrap\">\n<div class=\"wp-block-uagb-container uagb-block-9cecbe53\">\n<h3 class=\"wp-block-heading\">Equip<\/h3>\n\n\n\n<div class=\"wp-block-uagb-team uagb-team__image-position-above uagb-team__align-left uagb-team__stack-tablet uagb-block-b3f11af0\"><div class=\"uagb-team__content\"><h4 class=\"uagb-team__title\">Ramon Espuga<\/h4><span class=\"uagb-team__prefix\">arquitecte t\u00e8cnic | arquitecta t\u00e8cnica<\/span><p class=\"uagb-team__desc\"><br><\/p><\/div><\/div>\n\n\n\n<div class=\"wp-block-uagb-team uagb-team__image-position-above uagb-team__align-left uagb-team__stack-tablet uagb-block-05926157\"><div class=\"uagb-team__content\"><h4 class=\"uagb-team__title\">\u00d3scar L\u00f3pez<\/h4><span class=\"uagb-team__prefix\">T\u00e8cnic d&#8217;edificaci\u00f3 | T\u00e8cnica d&#8217;edificaci\u00f3<\/span><p class=\"uagb-team__desc\"><br><\/p><\/div><\/div>\n<\/div>\n\n\n\n<div class=\"wp-block-uagb-container uagb-block-42113175\">\n<div class=\"wp-block-uagb-image uagb-block-08b22782 wp-block-uagb-image--layout-default wp-block-uagb-image--effect-static wp-block-uagb-image--align-none\"><figure class=\"wp-block-uagb-image__figure\"><img decoding=\"async\" srcset=\"https:\/\/giteb.com\/wp-content\/uploads\/2025\/11\/upscaled_2_casa_taller_en_sants_2-1024x946.jpg ,https:\/\/giteb.com\/wp-content\/uploads\/2025\/11\/upscaled_2_casa_taller_en_sants_2.jpg 780w, https:\/\/giteb.com\/wp-content\/uploads\/2025\/11\/upscaled_2_casa_taller_en_sants_2.jpg 360w\" sizes=\"auto, (max-width: 480px) 150px\" src=\"https:\/\/giteb.com\/wp-content\/uploads\/2025\/11\/upscaled_2_casa_taller_en_sants_2-1024x946.jpg\" alt=\"\" class=\"uag-image-243\" width=\"1024\" height=\"946\" title=\"upscaled_2_casa_taller_en_sants_2\" loading=\"lazy\" role=\"img\"\/><\/figure><\/div>\n<\/div>\n<\/div><\/div>\n\n\n\n<div class=\"wp-block-uagb-advanced-heading uagb-block-d2667d81\"><h3 class=\"uagb-heading-text\">Per qu\u00e8 treballar amb GITEB<\/h3><\/div>\n\n\n\n<div style=\"height:20px\" aria-hidden=\"true\" class=\"wp-block-spacer\"><\/div>\n\n\n\n<div class=\"wp-block-uagb-container uagb-block-e15214df alignfull uagb-is-root-container\"><div class=\"uagb-container-inner-blocks-wrap\">\n<div class=\"wp-block-uagb-container uagb-block-d4bfb485\">\n<div class=\"wp-block-uagb-info-box uagb-block-94fc5a9d uagb-infobox__content-wrap  uagb-infobox-icon-left-title uagb-infobox-left uagb-infobox-image-valign-middle\"><div class=\"uagb-ifb-content\"><div class=\"uagb-ifb-left-title-image\"><div class=\"uagb-ifb-title-wrap\"><h4 class=\"uagb-ifb-title\">Coneixement de Barcelona<\/h4><\/div><\/div><p class=\"uagb-ifb-desc\">Treballem a tot Barcelona: Eixample, Gr\u00e0cia, Zona Alta, Sarri\u00e0-Sant Gervasi\u2026 Coneixem l&#8217;arquitectura modernista, els edificis protegits de cada barri i les particularitats de cada zona. Sabem qu\u00e8 exigeix l&#8217;Ajuntament, com tramitar llic\u00e8ncies i quines t\u00e8cniques funcionen en cada tipus d&#8217;edifici.<\/p><\/div><\/div>\n<\/div>\n\n\n\n<div class=\"wp-block-uagb-container uagb-block-b90091bb\">\n<div class=\"wp-block-uagb-info-box uagb-block-6107e12e uagb-infobox__content-wrap  uagb-infobox-icon-left-title uagb-infobox-left uagb-infobox-image-valign-middle\"><div class=\"uagb-ifb-content\"><div class=\"uagb-ifb-left-title-image\"><div class=\"uagb-ifb-title-wrap\"><h4 class=\"uagb-ifb-title\">equip multidisciplinari<\/h4><\/div><\/div><p class=\"uagb-ifb-desc\">Treballem amb t\u00e8cnics i empreses col\u00b7laboradores que comparteixen la nostra filosofia i la nostra manera de treballar: arquitectes, aparelladors, industrials qualificats&#8230; un equip complet per a qualsevol projecte.<\/p><\/div><\/div>\n<\/div>\n<\/div><\/div>\n\n\n\n<div class=\"wp-block-uagb-container uagb-block-268f850a alignfull uagb-is-root-container\"><div class=\"uagb-container-inner-blocks-wrap\">\n<div class=\"wp-block-uagb-container uagb-block-a8306265\">\n<div class=\"wp-block-uagb-info-box uagb-block-804fb0d9 uagb-infobox__content-wrap  uagb-infobox-icon-left-title uagb-infobox-left uagb-infobox-image-valign-middle\"><div class=\"uagb-ifb-content\"><div class=\"uagb-ifb-left-title-image\"><div class=\"uagb-ifb-title-wrap\"><h4 class=\"uagb-ifb-title\">Pressupost tancat i transparent<\/h4><\/div><\/div><p class=\"uagb-ifb-desc\">Pressupost detallat per partides abans de comen\u00e7ar. Sense sorpreses. Saps exactament en qu\u00e8 es gasta cada euro i qu\u00e8 inclou cada partida.<\/p><\/div><\/div>\n<\/div>\n\n\n\n<div class=\"wp-block-uagb-container uagb-block-1628528f\">\n<div class=\"wp-block-uagb-info-box uagb-block-0c1e7369 uagb-infobox__content-wrap  uagb-infobox-icon-left-title uagb-infobox-left uagb-infobox-image-valign-middle\"><div class=\"uagb-ifb-content\"><div class=\"uagb-ifb-left-title-image\"><div class=\"uagb-ifb-title-wrap\"><h4 class=\"uagb-ifb-title\">Control i seguiment diari<\/h4><\/div><\/div><p class=\"uagb-ifb-desc\">Supervisi\u00f3 constant dels treballs. Visitem l&#8217;obra, controlem la qualitat dels materials, coordinem els industrials i resolem incid\u00e8ncies sobre la marxa.<\/p><\/div><\/div>\n<\/div>\n<\/div><\/div>\n\n\n\n<div class=\"wp-block-uagb-container uagb-block-abab115c alignfull uagb-is-root-container\"><div class=\"uagb-container-inner-blocks-wrap\">\n<div class=\"wp-block-uagb-container uagb-block-3030dbf1\">\n<div class=\"wp-block-uagb-info-box uagb-block-94c0550a uagb-infobox__content-wrap  uagb-infobox-icon-left-title uagb-infobox-left uagb-infobox-image-valign-middle\"><div class=\"uagb-ifb-content\"><div class=\"uagb-ifb-left-title-image\"><div class=\"uagb-ifb-title-wrap\"><h4 class=\"uagb-ifb-title\">Compliment de terminis<\/h4><\/div><\/div><p class=\"uagb-ifb-desc\">Planifiquem b\u00e9, coordinem millor. Complim les dates d&#8217;entrega perqu\u00e8 sabem organitzar els treballs, preveure problemes i prendre decisions r\u00e0pides.<\/p><\/div><\/div>\n<\/div>\n\n\n\n<div class=\"wp-block-uagb-container uagb-block-a3f2723a\">\n<div class=\"wp-block-uagb-info-box uagb-block-4e6a9edf uagb-infobox__content-wrap  uagb-infobox-icon-left-title uagb-infobox-left uagb-infobox-image-valign-middle\"><div class=\"uagb-ifb-content\"><div class=\"uagb-ifb-left-title-image\"><div class=\"uagb-ifb-title-wrap\"><h4 class=\"uagb-ifb-title\">Atenci\u00f3 als detalls<\/h4><\/div><\/div><p class=\"uagb-ifb-desc\">Qualitat en els treballs i cura en els acabats finals . Revisem cada detall abans de donar per acabat el treball . No donem una obra per lliurada fins que no est\u00e0 perfecta.<\/p><\/div><\/div>\n<\/div>\n<\/div><\/div>\n\n\n\n<div class=\"wp-block-uagb-container uagb-block-908e33d8 alignfull uagb-is-root-container\"><div class=\"uagb-container-inner-blocks-wrap\">\n<div class=\"wp-block-uagb-container uagb-block-68168f6c\">\n<div class=\"wp-block-uagb-info-box uagb-block-5af05a95 uagb-infobox__content-wrap  uagb-infobox-icon-left-title uagb-infobox-left uagb-infobox-image-valign-middle\"><div class=\"uagb-ifb-content\"><div class=\"uagb-ifb-left-title-image\"><div class=\"uagb-ifb-title-wrap\"><h4 class=\"uagb-ifb-title\">Implicaci\u00f3 personal<\/h4><\/div><\/div><p class=\"uagb-ifb-desc\">No subcontractem la gesti\u00f3 ni desapareixem quan sorgeix un problema. El nostre equip est\u00e0 present, accessible i comprom\u00e8s amb el teu projecte de principi a fi.<\/p><\/div><\/div>\n<\/div>\n\n\n\n<div class=\"wp-block-uagb-container uagb-block-91e052ac\"><\/div>\n<\/div><\/div>\n\n\n\n<div class=\"wp-block-uagb-container uagb-block-8b31f913 alignwide uagb-is-root-container\"><\/div>\n","protected":false},"excerpt":{"rendered":"<p>Qui som Som un equip de professionals que portem 25 anys treballant junts a la gesti\u00f3 t\u00e8cnica de projectes d&#8217;edificaci\u00f3 [&hellip;]<\/p>\n","protected":false},"author":1,"featured_media":0,"parent":0,"menu_order":0,"comment_status":"closed","ping_status":"closed","template":"","meta":{"_uag_custom_page_level_css":"","site-sidebar-layout":"default","site-content-layout":"","ast-site-content-layout":"default","site-content-style":"default","site-sidebar-style":"default","ast-global-header-display":"","ast-banner-title-visibility":"","ast-main-header-display":"","ast-hfb-above-header-display":"","ast-hfb-below-header-display":"","ast-hfb-mobile-header-display":"","site-post-title":"","ast-breadcrumbs-content":"","ast-featured-img":"","footer-sml-layout":"","theme-transparent-header-meta":"","adv-header-id-meta":"","stick-header-meta":"","header-above-stick-meta":"","header-main-stick-meta":"","header-below-stick-meta":"","astra-migrate-meta-layouts":"default","ast-page-background-enabled":"default","ast-page-background-meta":{"desktop":{"background-color":"var(--ast-global-color-5)","background-image":"","background-repeat":"repeat","background-position":"center center","background-size":"auto","background-attachment":"scroll","background-type":"","background-media":"","overlay-type":"","overlay-color":"","overlay-opacity":"","overlay-gradient":""},"tablet":{"background-color":"","background-image":"","background-repeat":"repeat","background-position":"center center","background-size":"auto","background-attachment":"scroll","background-type":"","background-media":"","overlay-type":"","overlay-color":"","overlay-opacity":"","overlay-gradient":""},"mobile":{"background-color":"","background-image":"","background-repeat":"repeat","background-position":"center center","background-size":"auto","background-attachment":"scroll","background-type":"","background-media":"","overlay-type":"","overlay-color":"","overlay-opacity":"","overlay-gradient":""}},"ast-content-background-meta":{"desktop":{"background-color":"var(--ast-global-color-4)","background-image":"","background-repeat":"repeat","background-position":"center center","background-size":"auto","background-attachment":"scroll","background-type":"","background-media":"","overlay-type":"","overlay-color":"","overlay-opacity":"","overlay-gradient":""},"tablet":{"background-color":"var(--ast-global-color-4)","background-image":"","background-repeat":"repeat","background-position":"center center","background-size":"auto","background-attachment":"scroll","background-type":"","background-media":"","overlay-type":"","overlay-color":"","overlay-opacity":"","overlay-gradient":""},"mobile":{"background-color":"var(--ast-global-color-4)","background-image":"","background-repeat":"repeat","background-position":"center center","background-size":"auto","background-attachment":"scroll","background-type":"","background-media":"","overlay-type":"","overlay-color":"","overlay-opacity":"","overlay-gradient":""}},"footnotes":""},"class_list":["post-494","page","type-page","status-publish","hentry"],"uagb_featured_image_src":{"full":false,"thumbnail":false,"medium":false,"medium_large":false,"large":false,"1536x1536":false,"2048x2048":false},"uagb_author_info":{"display_name":"david@kreamedia.com","author_link":"https:\/\/giteb.com\/ca\/author\/davidkreamedia-com\/"},"uagb_comment_info":0,"uagb_excerpt":"Qui som Som un equip de professionals que portem 25 anys treballant junts a la gesti\u00f3 t\u00e8cnica de projectes d&#8217;edificaci\u00f3 [&hellip;]","_links":{"self":[{"href":"https:\/\/giteb.com\/ca\/wp-json\/wp\/v2\/pages\/494","targetHints":{"allow":["GET"]}}],"collection":[{"href":"https:\/\/giteb.com\/ca\/wp-json\/wp\/v2\/pages"}],"about":[{"href":"https:\/\/giteb.com\/ca\/wp-json\/wp\/v2\/types\/page"}],"author":[{"embeddable":true,"href":"https:\/\/giteb.com\/ca\/wp-json\/wp\/v2\/users\/1"}],"replies":[{"embeddable":true,"href":"https:\/\/giteb.com\/ca\/wp-json\/wp\/v2\/comments?post=494"}],"version-history":[{"count":0,"href":"https:\/\/giteb.com\/ca\/wp-json\/wp\/v2\/pages\/494\/revisions"}],"wp:attachment":[{"href":"https:\/\/giteb.com\/ca\/wp-json\/wp\/v2\/media?parent=494"}],"curies":[{"name":"wp","href":"https:\/\/api.w.org\/{rel}","templated":true}]}}