{"id":488,"date":"2026-03-31T16:26:21","date_gmt":"2026-03-31T16:26:21","guid":{"rendered":""},"modified":"2026-03-31T16:26:21","modified_gmt":"2026-03-31T16:26:21","slug":"inicio-ca","status":"publish","type":"page","link":"https:\/\/giteb.com\/ca\/","title":{"rendered":"Inici"},"content":{"rendered":"\n<div class=\"wp-block-uagb-container uagb-block-8af4233b alignwide uagb-is-root-container\">\n<div class=\"wp-block-uagb-container uagb-block-63a5bf3e\">\n<div class=\"wp-block-uagb-advanced-heading uagb-block-5f3dfeb5\"><h2 class=\"uagb-heading-text\">Creant espais, construint somnis<\/h2><\/div>\n<\/div>\n<\/div>\n\n\n\n<div style=\"height:50px\" aria-hidden=\"true\" class=\"wp-block-spacer\"><\/div>\n\n\n\n<div class=\"wp-block-uagb-advanced-heading uagb-block-353fccba\"><h3 class=\"uagb-heading-text\">Gesti\u00f3 t\u00e8cnica integral de reformes d&#8217;alt standing a Barcelona.<\/h3><p class=\"uagb-desc-text\">M\u00e9s de 25 anys transformant habitatges a l&#8217;Eixample i zones pr\u00e8mium amb professionalitat, rigor t\u00e8cnic i garantia de resultats.<\/p><\/div>\n\n\n\n<div style=\"height:50px\" aria-hidden=\"true\" class=\"wp-block-spacer\"><\/div>\n\n\n\n<div class=\"wp-block-uagb-container uagb-block-4034b770 alignfull uagb-is-root-container\"><div class=\"uagb-container-inner-blocks-wrap\">\n<div class=\"wp-block-uagb-container uagb-block-d48a152b\">\n<h3 class=\"wp-block-heading\">Arquitectura<\/h3>\n\n\n\n<div class=\"wp-block-uagb-image uagb-block-064c59c5 wp-block-uagb-image--layout-default wp-block-uagb-image--effect-static wp-block-uagb-image--align-none\"><figure class=\"wp-block-uagb-image__figure\"><img decoding=\"async\" srcset=\"https:\/\/giteb.com\/wp-content\/uploads\/2025\/11\/metalocus_el-departamento_casa-lobster_11-1024x683.jpg ,https:\/\/giteb.com\/wp-content\/uploads\/2025\/11\/metalocus_el-departamento_casa-lobster_11.jpg 780w, https:\/\/giteb.com\/wp-content\/uploads\/2025\/11\/metalocus_el-departamento_casa-lobster_11.jpg 360w\" sizes=\"auto, (max-width: 480px) 150px\" src=\"https:\/\/giteb.com\/wp-content\/uploads\/2025\/11\/metalocus_el-departamento_casa-lobster_11-1024x683.jpg\" alt=\"\" class=\"uag-image-315\" width=\"1024\" height=\"683\" title=\"metalocus_el-departamento_casa-lobster_11\" loading=\"lazy\" role=\"img\"\/><\/figure><\/div>\n\n\n\n<p>Oferim direcci\u00f3 facultativa i control t\u00e8cnic d&#8217;obra amb la professionalitat que requereixen els projectes m\u00e9s exigents. El nostre coneixement profund de l&#8217;arquitectura modernista, dels edificis protegits de l&#8217;Eixample i de la normativa municipal de Barcelona ens permet gestionar cada projecte amb la m\u00e0xima garantia t\u00e8cnica, des de la redacci\u00f3 del projecte fins a l&#8217;obtenci\u00f3 de llic\u00e8ncies i certificacions finals.<\/p>\n<\/div>\n\n\n\n<div class=\"wp-block-uagb-container uagb-block-7fb23700\">\n<h3 class=\"wp-block-heading\">Reformes<\/h3>\n\n\n\n<div class=\"wp-block-uagb-image uagb-block-b0311cdb wp-block-uagb-image--layout-default wp-block-uagb-image--effect-static wp-block-uagb-image--align-none\"><figure class=\"wp-block-uagb-image__figure\"><img decoding=\"async\" srcset=\"https:\/\/giteb.com\/wp-content\/uploads\/2025\/11\/fraternitat43_012-1024x683.jpg ,https:\/\/giteb.com\/wp-content\/uploads\/2025\/11\/fraternitat43_012.jpg 780w, https:\/\/giteb.com\/wp-content\/uploads\/2025\/11\/fraternitat43_012.jpg 360w\" sizes=\"auto, (max-width: 480px) 150px\" src=\"https:\/\/giteb.com\/wp-content\/uploads\/2025\/11\/fraternitat43_012-1024x683.jpg\" alt=\"\" class=\"uag-image-286\" width=\"1024\" height=\"683\" title=\"fraternitat43_012\" loading=\"lazy\" role=\"img\"\/><\/figure><\/div>\n\n\n\n<p>A GITEB transformem habitatges singulars de l&#8217;Eixample i la zona alta de Barcelona amb un enfocament integral que abasta des de la concepci\u00f3 del projecte fins al lliurament final. La nostra experi\u00e8ncia de m\u00e9s de 25 anys ens permet anticipar cada detall, garantir pressupostos tancats i complir els terminis acordats amb rigor t\u00e8cnic i supervisi\u00f3 constant.<\/p>\n<\/div>\n<\/div><\/div>\n\n\n\n<div class=\"wp-block-uagb-container uagb-block-8ec19326 alignfull uagb-is-root-container\"><div class=\"uagb-container-inner-blocks-wrap\">\n<div class=\"wp-block-uagb-container uagb-block-9d7b93f2\"><\/div>\n\n\n\n<div class=\"wp-block-uagb-container uagb-block-9cc55317\"><\/div>\n<\/div><\/div>\n\n\n\n<div class=\"wp-block-uagb-container uagb-block-3c0ac56e alignfull uagb-is-root-container\"><div class=\"uagb-container-inner-blocks-wrap\">\n<div class=\"wp-block-uagb-container uagb-block-b3cccf93\">\n<div class=\"wp-block-uagb-advanced-heading uagb-block-0be25b5e\"><h3 class=\"uagb-heading-text\">Projectes destacats<\/h3><\/div>\n\n\n\n<div class=\"wp-block-uagb-advanced-heading uagb-block-c1f5aed9\"><h4 class=\"uagb-heading-text\">Gran Via 729<\/h4><\/div>\n\n\n\n<p>Direcci\u00f3 d&#8217;execuci\u00f3 d&#8217;aquest edifici residencial ubicat a una de les principals art\u00e8ries de Barcelona. La nostra tasca ha consistit a supervisar cada fase constructiva, coordinar el treball de totes les empreses especialitzades i garantir que cada detall compl\u00eds amb les especificacions del projecte. Un treball que demostra la nostra experi\u00e8ncia en la gesti\u00f3 d&#8217;obres complexes.<\/p>\n\n\n\n<div class=\"wp-block-buttons is-content-justification-left is-layout-flex wp-container-core-buttons-is-layout-fc4fd283 wp-block-buttons-is-layout-flex\">\n<div class=\"wp-block-button\"><a class=\"wp-block-button__link wp-element-button\">VEURE PROJECTES<\/a><\/div>\n<\/div>\n<\/div>\n\n\n\n<div class=\"wp-block-uagb-container uagb-block-4927a13a\">\n<div class=\"wp-block-uagb-image uagb-block-53d1f320 wp-block-uagb-image--layout-default wp-block-uagb-image--effect-static wp-block-uagb-image--align-none\"><figure class=\"wp-block-uagb-image__figure\"><img decoding=\"async\" srcset=\"https:\/\/giteb.com\/wp-content\/uploads\/2025\/10\/gran_via_729_23-683x1024.jpg ,https:\/\/giteb.com\/wp-content\/uploads\/2025\/10\/gran_via_729_23.jpg 780w, https:\/\/giteb.com\/wp-content\/uploads\/2025\/10\/gran_via_729_23.jpg 360w\" sizes=\"auto, (max-width: 480px) 150px\" src=\"https:\/\/giteb.com\/wp-content\/uploads\/2025\/10\/gran_via_729_23-683x1024.jpg\" alt=\"\" class=\"uag-image-87\" width=\"683\" height=\"1024\" title=\"gran_via_729_23\" loading=\"lazy\" role=\"img\"\/><\/figure><\/div>\n<\/div>\n\n\n\n<div class=\"wp-block-uagb-container uagb-block-739d8ca4\">\n<div class=\"wp-block-uagb-image uagb-block-de4ce1e4 wp-block-uagb-image--layout-default wp-block-uagb-image--effect-static wp-block-uagb-image--align-none\"><figure class=\"wp-block-uagb-image__figure\"><img decoding=\"async\" srcset=\"https:\/\/giteb.com\/wp-content\/uploads\/2025\/10\/gran_via_729_7-683x1024.jpg ,https:\/\/giteb.com\/wp-content\/uploads\/2025\/10\/gran_via_729_7.jpg 780w, https:\/\/giteb.com\/wp-content\/uploads\/2025\/10\/gran_via_729_7.jpg 360w\" sizes=\"auto, (max-width: 480px) 150px\" src=\"https:\/\/giteb.com\/wp-content\/uploads\/2025\/10\/gran_via_729_7-683x1024.jpg\" alt=\"\" class=\"uag-image-71\" width=\"683\" height=\"1024\" title=\"gran_via_729_7\" loading=\"lazy\" role=\"img\"\/><\/figure><\/div>\n<\/div>\n<\/div><\/div>\n","protected":false},"excerpt":{"rendered":"<p>Creant espais, construint somnis Gesti\u00f3 t\u00e8cnica integral de reformes d&#8217;alt standing a Barcelona. M\u00e9s de 25 anys transformant habitatges a [&hellip;]<\/p>\n","protected":false},"author":1,"featured_media":0,"parent":0,"menu_order":0,"comment_status":"closed","ping_status":"closed","template":"","meta":{"_uag_custom_page_level_css":"","site-sidebar-layout":"default","site-content-layout":"","ast-site-content-layout":"default","site-content-style":"default","site-sidebar-style":"default","ast-global-header-display":"","ast-banner-title-visibility":"","ast-main-header-display":"","ast-hfb-above-header-display":"","ast-hfb-below-header-display":"","ast-hfb-mobile-header-display":"","site-post-title":"","ast-breadcrumbs-content":"","ast-featured-img":"","footer-sml-layout":"","theme-transparent-header-meta":"","adv-header-id-meta":"","stick-header-meta":"","header-above-stick-meta":"","header-main-stick-meta":"","header-below-stick-meta":"","astra-migrate-meta-layouts":"default","ast-page-background-enabled":"default","ast-page-background-meta":{"desktop":{"background-color":"var(--ast-global-color-5)","background-image":"","background-repeat":"repeat","background-position":"center center","background-size":"auto","background-attachment":"scroll","background-type":"","background-media":"","overlay-type":"","overlay-color":"","overlay-opacity":"","overlay-gradient":""},"tablet":{"background-color":"","background-image":"","background-repeat":"repeat","background-position":"center center","background-size":"auto","background-attachment":"scroll","background-type":"","background-media":"","overlay-type":"","overlay-color":"","overlay-opacity":"","overlay-gradient":""},"mobile":{"background-color":"","background-image":"","background-repeat":"repeat","background-position":"center center","background-size":"auto","background-attachment":"scroll","background-type":"","background-media":"","overlay-type":"","overlay-color":"","overlay-opacity":"","overlay-gradient":""}},"ast-content-background-meta":{"desktop":{"background-color":"var(--ast-global-color-4)","background-image":"","background-repeat":"repeat","background-position":"center center","background-size":"auto","background-attachment":"scroll","background-type":"","background-media":"","overlay-type":"","overlay-color":"","overlay-opacity":"","overlay-gradient":""},"tablet":{"background-color":"var(--ast-global-color-4)","background-image":"","background-repeat":"repeat","background-position":"center center","background-size":"auto","background-attachment":"scroll","background-type":"","background-media":"","overlay-type":"","overlay-color":"","overlay-opacity":"","overlay-gradient":""},"mobile":{"background-color":"var(--ast-global-color-4)","background-image":"","background-repeat":"repeat","background-position":"center center","background-size":"auto","background-attachment":"scroll","background-type":"","background-media":"","overlay-type":"","overlay-color":"","overlay-opacity":"","overlay-gradient":""}},"footnotes":""},"class_list":["post-488","page","type-page","status-publish","hentry"],"uagb_featured_image_src":{"full":false,"thumbnail":false,"medium":false,"medium_large":false,"large":false,"1536x1536":false,"2048x2048":false},"uagb_author_info":{"display_name":"david@kreamedia.com","author_link":"https:\/\/giteb.com\/ca\/author\/davidkreamedia-com\/"},"uagb_comment_info":0,"uagb_excerpt":"Creant espais, construint somnis Gesti\u00f3 t\u00e8cnica integral de reformes d&#8217;alt standing a Barcelona. M\u00e9s de 25 anys transformant habitatges a [&hellip;]","_links":{"self":[{"href":"https:\/\/giteb.com\/ca\/wp-json\/wp\/v2\/pages\/488","targetHints":{"allow":["GET"]}}],"collection":[{"href":"https:\/\/giteb.com\/ca\/wp-json\/wp\/v2\/pages"}],"about":[{"href":"https:\/\/giteb.com\/ca\/wp-json\/wp\/v2\/types\/page"}],"author":[{"embeddable":true,"href":"https:\/\/giteb.com\/ca\/wp-json\/wp\/v2\/users\/1"}],"replies":[{"embeddable":true,"href":"https:\/\/giteb.com\/ca\/wp-json\/wp\/v2\/comments?post=488"}],"version-history":[{"count":0,"href":"https:\/\/giteb.com\/ca\/wp-json\/wp\/v2\/pages\/488\/revisions"}],"wp:attachment":[{"href":"https:\/\/giteb.com\/ca\/wp-json\/wp\/v2\/media?parent=488"}],"curies":[{"name":"wp","href":"https:\/\/api.w.org\/{rel}","templated":true}]}}